{"id":501,"date":"2024-01-08T15:30:46","date_gmt":"2024-01-08T15:30:46","guid":{"rendered":"https:\/\/b2b001.wpkz.cc\/?page_id=501"},"modified":"2024-12-25T03:32:25","modified_gmt":"2024-12-25T03:32:25","slug":"terms-and-conditions","status":"publish","type":"page","link":"https:\/\/www.liyuebattery.com\/it\/terms-and-conditions\/","title":{"rendered":"Termini e Condizioni"},"content":{"rendered":"<p>Ultimo aggiornamento: 1 agosto 2024<\/p>\n\n\n\n<p>Si prega di leggere attentamente i presenti termini e condizioni prima di utilizzare il nostro servizio.<\/p>\n\n\n\n<h2 class=\"wp-block-heading\" id=\"interpretation-and-definitions\">Interpretazione e definizioni<\/h2>\n\n\n\n<h3 class=\"wp-block-heading\" id=\"interpretation\">Interpretazione<\/h3>\n\n\n\n<p>Le parole la cui iniziale \u00e8 maiuscola hanno significati definiti alle seguenti condizioni. Le seguenti definizioni avranno lo stesso significato indipendentemente dal fatto che appaiano al singolare o al plurale.<\/p>\n\n\n\n<h3 class=\"wp-block-heading\" id=\"definitions\">Definizioni<\/h3>\n\n\n\n<p>Ai fini dei presenti Termini e Condizioni:<\/p>\n\n\n\n<p><strong>Affiliato<\/strong> indica un&#039;entit\u00e0 che controlla, \u00e8 controllata da o \u00e8 sotto il controllo comune di una parte, dove &quot;controllo&quot; significa propriet\u00e0 di 50% o pi\u00f9 azioni, partecipazioni azionarie o altri titoli che danno diritto al voto per l&#039;elezione degli amministratori o di altre autorit\u00e0 di gestione.<\/p>\n\n\n\n<p><strong>Paese<\/strong> si riferisce a: Cina<\/p>\n\n\n\n<p><strong>Azienda<\/strong> (denominata &quot;la Societ\u00e0&quot;, &quot;Noi&quot;, &quot;Ci&quot; o &quot;Nostro&quot; nel presente Contratto) si riferisce a Henan Liyue New Energy Co., Ltd, Intelligent Manufacturing Industrial Park, Xinxiang Economic and Technological Development Zone, Xinxiang City, Henan Province.<\/p>\n\n\n\n<p><strong>Dispositivo<\/strong> indica qualsiasi dispositivo che pu\u00f2 accedere al Servizio, come un computer, un cellulare o un tablet digitale.<\/p>\n\n\n\n<p><strong>Servizio<\/strong> si riferisce al Sito Web.<\/p>\n\n\n\n<p><strong>Termini e Condizioni<\/strong> (anche denominati &quot;Termini&quot;) indica i presenti Termini e Condizioni che costituiscono l&#039;intero accordo tra l&#039;Utente e la Societ\u00e0 in merito all&#039;utilizzo del Servizio. Il presente accordo sui Termini e Condizioni \u00e8 stato creato con l&#039;aiuto di <a href=\"https:\/\/www.termsfeed.com\/terms-conditions-generator\/\">Generatore di Termini e Condizioni<\/a>.<\/p>\n\n\n\n<p><strong>Servizio di social media di terze parti<\/strong> indica qualsiasi servizio o contenuto (inclusi dati, informazioni, prodotti o servizi) fornito da una terza parte che pu\u00f2 essere visualizzato, incluso o reso disponibile dal Servizio.<\/p>\n\n\n\n<p><strong>Sito web<\/strong> si riferisce a liyue, accessibile da <a href=\"https:\/\/www.liyuebattery.com\/it\/\">https:\/\/www.liyuebattery.com<\/a><\/p>\n\n\n\n<p><strong>Voi<\/strong> indica l&#039;individuo che accede o utilizza il Servizio, o la societ\u00e0 o altra entit\u00e0 giuridica per conto della quale tale individuo accede o utilizza il Servizio, a seconda dei casi.<\/p>\n\n\n\n<h2 class=\"wp-block-heading\" id=\"acknowledgment\">Riconoscimento<\/h2>\n\n\n\n<p>I presenti Termini e Condizioni regolano l&#039;utilizzo del Servizio e costituiscono l&#039;accordo tra l&#039;Utente e la Societ\u00e0. I presenti Termini e Condizioni stabiliscono i diritti e gli obblighi di tutti gli utenti in merito all&#039;utilizzo del Servizio.<\/p>\n\n\n\n<p>L&#039;accesso e l&#039;utilizzo del Servizio sono subordinati all&#039;accettazione e al rispetto dei presenti Termini e Condizioni. I presenti Termini e Condizioni si applicano a tutti i visitatori, utenti e altri soggetti che accedono o utilizzano il Servizio.<\/p>\n\n\n\n<p>Accedendo o utilizzando il Servizio, accetti di essere vincolato dai presenti Termini e Condizioni. Se non sei d&#039;accordo con una qualsiasi parte dei presenti Termini e Condizioni, non potrai accedere al Servizio.<\/p>\n\n\n\n<p>Dichiari di avere pi\u00f9 di 18 anni. La Societ\u00e0 non consente ai minori di 18 anni di utilizzare il Servizio.<\/p>\n\n\n\n<p>L&#039;accesso e l&#039;utilizzo del Servizio sono inoltre subordinati all&#039;accettazione e al rispetto dell&#039;Informativa sulla privacy della Societ\u00e0. La nostra Informativa sulla privacy descrive le nostre politiche e procedure sulla raccolta, l&#039;utilizzo e la divulgazione dei tuoi dati personali quando utilizzi l&#039;Applicazione o il Sito Web e ti informa sui tuoi diritti alla privacy e su come la legge ti protegge. Ti preghiamo di leggere attentamente la nostra Informativa sulla privacy prima di utilizzare il nostro Servizio.<\/p>\n\n\n\n<h2 class=\"wp-block-heading\" id=\"links-to-other-websites\">Link ad altri siti web<\/h2>\n\n\n\n<p>Il nostro Servizio potrebbe contenere link a siti web o servizi di terze parti che non sono di propriet\u00e0 o controllati dalla Societ\u00e0.<\/p>\n\n\n\n<p>La Societ\u00e0 non ha alcun controllo e non si assume alcuna responsabilit\u00e0 per il contenuto, le politiche sulla privacy o le pratiche di siti web o servizi di terze parti. L&#039;utente riconosce e accetta inoltre che la Societ\u00e0 non sar\u00e0 responsabile, direttamente o indirettamente, per eventuali danni o perdite causati o presumibilmente causati da o in connessione con l&#039;utilizzo o l&#039;affidamento su tali contenuti, beni o servizi disponibili su o tramite tali siti web o servizi.<\/p>\n\n\n\n<p>Ti consigliamo vivamente di leggere i termini e le condizioni e le informative sulla privacy di tutti i siti web o servizi di terze parti che visiti.<\/p>\n\n\n\n<h2 class=\"wp-block-heading\" id=\"termination\">Risoluzione<\/h2>\n\n\n\n<p>Potremmo interrompere o sospendere il tuo accesso immediatamente, senza preavviso o responsabilit\u00e0, per qualsiasi motivo, incluso, a titolo esemplificativo ma non esaustivo, in caso di violazione dei presenti Termini e Condizioni.<\/p>\n\n\n\n<p>Alla risoluzione, il tuo diritto di utilizzare il Servizio cesser\u00e0 immediatamente.<\/p>\n\n\n\n<h2 class=\"wp-block-heading\" id=\"limitation-of-liability\">Limitazione di responsabilit\u00e0<\/h2>\n\n\n\n<p>Nonostante eventuali danni che potresti subire, l&#039;intera responsabilit\u00e0 della Societ\u00e0 e di qualsiasi suo fornitore ai sensi di qualsiasi disposizione dei presenti Termini e il tuo esclusivo rimedio per tutto quanto sopra sar\u00e0 limitato all&#039;importo effettivamente pagato da te tramite il Servizio o a 100 USD se non hai acquistato nulla tramite il Servizio.<\/p>\n\n\n\n<p>Nella misura massima consentita dalla legge applicabile, in nessun caso la Societ\u00e0 o i suoi fornitori saranno responsabili per danni speciali, incidentali, indiretti o consequenziali di qualsiasi tipo (inclusi, a titolo esemplificativo ma non esaustivo, danni per perdita di profitti, perdita di dati o altre informazioni, per interruzione dell&#039;attivit\u00e0, per lesioni personali, perdita di privacy derivanti da o in qualsiasi modo correlati all&#039;uso o all&#039;impossibilit\u00e0 di usare il Servizio, software di terze parti e\/o hardware di terze parti utilizzati con il Servizio o altrimenti in relazione a qualsiasi disposizione dei presenti Termini), anche se la Societ\u00e0 o qualsiasi fornitore sono stati informati della possibilit\u00e0 di tali danni e anche se il rimedio non raggiunge il suo scopo essenziale.<\/p>\n\n\n\n<p>Alcuni stati non consentono l&#039;esclusione di garanzie implicite o la limitazione di responsabilit\u00e0 per danni incidentali o consequenziali, il che significa che alcune delle limitazioni di cui sopra potrebbero non essere applicabili. In questi stati, la responsabilit\u00e0 di ciascuna parte sar\u00e0 limitata nella misura massima consentita dalla legge.<\/p>\n\n\n\n<h2 class=\"wp-block-heading\" id=\"as-is-and-as-available-disclaimer\">Dichiarazione di esclusione di responsabilit\u00e0 \u201cCOS\u00cc COM\u2019\u00c8\u201d e \u201cCOME DISPONIBILE\u201d<\/h2>\n\n\n\n<p>Il Servizio viene fornito &quot;COS\u00cc COM&#039;\u00c8&quot; e &quot;COME DISPONIBILE&quot; e con tutti i difetti e gli errori, senza alcuna garanzia di alcun tipo. Nella misura massima consentita dalla legge applicabile, la Societ\u00e0, per proprio conto e per conto delle sue Affiliate e dei rispettivi licenziatari e fornitori di servizi, declina espressamente ogni garanzia, espressa, implicita, legale o di altro tipo, in relazione al Servizio, incluse tutte le garanzie implicite di commerciabilit\u00e0, idoneit\u00e0 per uno scopo particolare, titolarit\u00e0 e non violazione, e le garanzie che possono derivare da una condotta commerciale, da un&#039;esecuzione, da un uso o da una pratica commerciale. Fatto salvo quanto precede, la Societ\u00e0 non fornisce alcuna garanzia o impegno, e non rilascia alcuna dichiarazione di alcun tipo, che il Servizio soddisfer\u00e0 le Sue esigenze, raggiunger\u00e0 i risultati previsti, sar\u00e0 compatibile o funzioner\u00e0 con altri software, applicazioni, sistemi o servizi, funzioner\u00e0 senza interruzioni, soddisfer\u00e0 gli standard di prestazioni o affidabilit\u00e0 o sar\u00e0 privo di errori, o che eventuali errori o difetti potranno o saranno corretti.<\/p>\n\n\n\n<p>Fatto salvo quanto precede, n\u00e9 la Societ\u00e0 n\u00e9 alcuno dei suoi fornitori rilasciano dichiarazioni o garanzie di alcun tipo, esplicite o implicite: (i) in merito al funzionamento o alla disponibilit\u00e0 del Servizio, o alle informazioni, ai contenuti e ai materiali o prodotti in esso inclusi; (ii) che il Servizio sar\u00e0 ininterrotto o privo di errori; (iii) in merito all&#039;accuratezza, all&#039;affidabilit\u00e0 o all&#039;attualit\u00e0 di qualsiasi informazione o contenuto fornito tramite il Servizio; o (iv) che il Servizio, i suoi server, i contenuti o le e-mail inviate da o per conto della Societ\u00e0 siano privi di virus, script, trojan horse, worm, malware, bombe a orologeria o altri componenti dannosi.<\/p>\n\n\n\n<p>Alcune giurisdizioni non consentono l&#039;esclusione di determinati tipi di garanzie o limitazioni sui diritti legali applicabili di un consumatore, pertanto alcune o tutte le esclusioni e limitazioni di cui sopra potrebbero non essere applicabili al tuo caso. Tuttavia, in tal caso, le esclusioni e le limitazioni stabilite nella presente sezione saranno applicate nella misura massima consentita dalla legge applicabile.<\/p>\n\n\n\n<h2 class=\"wp-block-heading\" id=\"governing-law\">Legge applicabile<\/h2>\n\n\n\n<p>Le presenti Condizioni e l&#039;utilizzo del Servizio sono regolate dalle leggi del Paese, ad esclusione delle norme sui conflitti di legge. L&#039;utilizzo dell&#039;Applicazione potrebbe inoltre essere soggetto ad altre leggi locali, statali, nazionali o internazionali.<\/p>\n\n\n\n<h2 class=\"wp-block-heading\" id=\"disputes-resolution\">Risoluzione delle controversie<\/h2>\n\n\n\n<p>In caso di dubbi o controversie in merito al Servizio, l&#039;Utente accetta di provare innanzitutto a risolvere la controversia in modo informale contattando la Societ\u00e0.<\/p>\n\n\n\n<h2 class=\"wp-block-heading\" id=\"for-european-union-eu-users\">Per gli utenti dell&#039;Unione Europea (UE)<\/h2>\n\n\n\n<p>Se sei un consumatore dell&#039;Unione Europea, potrai beneficiare di tutte le disposizioni obbligatorie della legge del Paese in cui risiedi.<\/p>\n\n\n\n<h2 class=\"wp-block-heading\" id=\"united-states-legal-compliance\">Conformit\u00e0 legale degli Stati Uniti<\/h2>\n\n\n\n<p>Dichiari e garantisci che (i) non ti trovi in un paese soggetto a embargo da parte del governo degli Stati Uniti o che \u00e8 stato designato dal governo degli Stati Uniti come paese che \u201csostenitore del terrorismo\u201d e (ii) non sei presente in alcun elenco di soggetti vietati o soggetti a restrizioni stilato dal governo degli Stati Uniti.<\/p>\n\n\n\n<h2 class=\"wp-block-heading\" id=\"severability-and-waiver\">Separabilit\u00e0 e rinuncia<\/h2>\n\n\n\n<h3 class=\"wp-block-heading\" id=\"severability\">Separabilit\u00e0<\/h3>\n\n\n\n<p>Se una qualsiasi disposizione dei presenti Termini dovesse essere ritenuta inapplicabile o non valida, tale disposizione verr\u00e0 modificata e interpretata per raggiungere i propri obiettivi nella misura massima consentita dalla legge applicabile e le restanti disposizioni continueranno ad avere piena validit\u00e0 ed efficacia.<\/p>\n\n\n\n<h3 class=\"wp-block-heading\" id=\"waiver\">Rinuncia<\/h3>\n\n\n\n<p>Salvo quanto previsto nel presente documento, il mancato esercizio di un diritto o la mancata richiesta di esecuzione di un obbligo ai sensi dei presenti Termini non pregiudicher\u00e0 la capacit\u00e0 di una parte di esercitare tale diritto o di richiedere tale esecuzione in qualsiasi momento successivo, n\u00e9 la rinuncia a una violazione costituir\u00e0 una rinuncia a qualsiasi violazione successiva.<\/p>\n\n\n\n<h2 class=\"wp-block-heading\" id=\"translation-interpretation\">Traduzione Interpretazione<\/h2>\n\n\n\n<p>I presenti Termini e Condizioni potrebbero essere stati tradotti qualora li avessimo resi disponibili sul nostro Servizio. Accetti che in caso di controversia prevarr\u00e0 il testo originale in inglese.<\/p>\n\n\n\n<h2 class=\"wp-block-heading\" id=\"changes-to-these-terms-and-conditions\">Modifiche ai presenti Termini e Condizioni<\/h2>\n\n\n\n<p>Ci riserviamo il diritto, a Nostra esclusiva discrezione, di modificare o sostituire i presenti Termini in qualsiasi momento. Qualora una revisione fosse sostanziale, faremo ogni ragionevole sforzo per fornire un preavviso di almeno 30 giorni prima dell&#039;entrata in vigore dei nuovi termini. Ci\u00f2 che costituisce una modifica sostanziale sar\u00e0 determinato a Nostra esclusiva discrezione.<\/p>\n\n\n\n<p>Continuando ad accedere o utilizzare il Nostro Servizio dopo l&#039;entrata in vigore di tali revisioni, accetti di essere vincolato dai termini modificati. Se non accetti i nuovi termini, in tutto o in parte, ti preghiamo di interrompere l&#039;utilizzo del sito web e del Servizio.<\/p>\n\n\n\n<h2 class=\"wp-block-heading\" id=\"contact-us\">Contattaci<\/h2>\n\n\n\n<p>Se hai domande su questi Termini e Condizioni, puoi contattarci:<\/p>\n\n\n\n<p>Via e-mail: <a href=\"mailto:info@liyuebattery.com\">info@liyuebattery.com<\/a><\/p>\n\n\n\n<p>Visitando questa pagina sul nostro sito web: <a href=\"https:\/\/www.liyuebattery.com\/it\/contact-us\/\">https:\/\/www.liyuebattery.com\/contact-us\/<\/a><\/p>\n\n\n\n<p>Per numero di telefono: <a href=\"tel:+86 18537310272\">+86 18537310272<\/a><\/p>","protected":false},"excerpt":{"rendered":"<p>Last updated: August 01, 2024 Please read these terms and conditions carefully before using Our Service. Interpretation and Definitions Interpretation The words of which the initial letter is capitalized have meanings defined under the following conditions. The following definitions shall have the same meaning regardless of whether they appear in singular or in plural. Definitions [&hellip;]<\/p>\n","protected":false},"author":1,"featured_media":0,"parent":0,"menu_order":0,"comment_status":"closed","ping_status":"closed","template":"","meta":{"_acf_changed":false,"_gspb_post_css":"","footnotes":""},"class_list":["post-501","page","type-page","status-publish","hentry"],"blocksy_meta":{"page_structure_type":"type-3","styles_descriptor":{"styles":{"desktop":"","tablet":"","mobile":""},"google_fonts":[],"version":6}},"yoast_head":"<!-- This site is optimized with the Yoast SEO plugin v27.4 - https:\/\/yoast.com\/product\/yoast-seo-wordpress\/ -->\n<title>Terms and Conditions - Custom Lithium Battery Manufacturer &amp; Supplier - Liyue<\/title>\n<meta name=\"robots\" content=\"index, follow, max-snippet:-1, max-image-preview:large, max-video-preview:-1\" \/>\n<link rel=\"canonical\" href=\"https:\/\/www.liyuebattery.com\/it\/terms-and-conditions\/\" \/>\n<meta property=\"og:locale\" content=\"it_IT\" \/>\n<meta property=\"og:type\" content=\"article\" \/>\n<meta property=\"og:title\" content=\"Terms and Conditions - Custom Lithium Battery Manufacturer &amp; Supplier - Liyue\" \/>\n<meta property=\"og:description\" content=\"Last updated: August 01, 2024 Please read these terms and conditions carefully before using Our Service. Interpretation and Definitions Interpretation The words of which the initial letter is capitalized have meanings defined under the following conditions. The following definitions shall have the same meaning regardless of whether they appear in singular or in plural. Definitions [&hellip;]\" \/>\n<meta property=\"og:url\" content=\"https:\/\/www.liyuebattery.com\/it\/terms-and-conditions\/\" \/>\n<meta property=\"og:site_name\" content=\"Custom Lithium Battery Manufacturer &amp; Supplier - Liyue\" \/>\n<meta property=\"article:publisher\" content=\"https:\/\/www.facebook.com\/profile.php?id=100091718467137\" \/>\n<meta property=\"article:modified_time\" content=\"2024-12-25T03:32:25+00:00\" \/>\n<meta property=\"og:image\" content=\"https:\/\/www.liyuebattery.com\/wp-content\/uploads\/2024\/09\/production-workshop-2.webp\" \/>\n\t<meta property=\"og:image:width\" content=\"1920\" \/>\n\t<meta property=\"og:image:height\" content=\"1080\" \/>\n\t<meta property=\"og:image:type\" content=\"image\/webp\" \/>\n<meta name=\"twitter:card\" content=\"summary_large_image\" \/>\n<meta name=\"twitter:label1\" content=\"Tempo di lettura stimato\" \/>\n\t<meta name=\"twitter:data1\" content=\"8 minuti\" \/>\n<script type=\"application\/ld+json\" class=\"yoast-schema-graph\">{\"@context\":\"https:\\\/\\\/schema.org\",\"@graph\":[{\"@type\":\"WebPage\",\"@id\":\"https:\\\/\\\/www.liyuebattery.com\\\/terms-and-conditions\\\/\",\"url\":\"https:\\\/\\\/www.liyuebattery.com\\\/terms-and-conditions\\\/\",\"name\":\"Terms and Conditions - Custom Lithium Battery Manufacturer &amp; Supplier - Liyue\",\"isPartOf\":{\"@id\":\"https:\\\/\\\/www.liyuebattery.com\\\/#website\"},\"datePublished\":\"2024-01-08T15:30:46+00:00\",\"dateModified\":\"2024-12-25T03:32:25+00:00\",\"breadcrumb\":{\"@id\":\"https:\\\/\\\/www.liyuebattery.com\\\/terms-and-conditions\\\/#breadcrumb\"},\"inLanguage\":\"it-IT\",\"potentialAction\":[{\"@type\":\"ReadAction\",\"target\":[\"https:\\\/\\\/www.liyuebattery.com\\\/terms-and-conditions\\\/\"]}]},{\"@type\":\"BreadcrumbList\",\"@id\":\"https:\\\/\\\/www.liyuebattery.com\\\/terms-and-conditions\\\/#breadcrumb\",\"itemListElement\":[{\"@type\":\"ListItem\",\"position\":1,\"name\":\"\u9996\u9875\",\"item\":\"https:\\\/\\\/www.liyuebattery.com\\\/\"},{\"@type\":\"ListItem\",\"position\":2,\"name\":\"Terms and Conditions\"}]},{\"@type\":\"WebSite\",\"@id\":\"https:\\\/\\\/www.liyuebattery.com\\\/#website\",\"url\":\"https:\\\/\\\/www.liyuebattery.com\\\/\",\"name\":\"Liyue Battery\",\"description\":\"Tailored Lithium Battery Manufacturing for Your Business\",\"publisher\":{\"@id\":\"https:\\\/\\\/www.liyuebattery.com\\\/#organization\"},\"potentialAction\":[{\"@type\":\"SearchAction\",\"target\":{\"@type\":\"EntryPoint\",\"urlTemplate\":\"https:\\\/\\\/www.liyuebattery.com\\\/?s={search_term_string}\"},\"query-input\":{\"@type\":\"PropertyValueSpecification\",\"valueRequired\":true,\"valueName\":\"search_term_string\"}}],\"inLanguage\":\"it-IT\"},{\"@type\":\"Organization\",\"@id\":\"https:\\\/\\\/www.liyuebattery.com\\\/#organization\",\"name\":\"Liyue\",\"url\":\"https:\\\/\\\/www.liyuebattery.com\\\/\",\"logo\":{\"@type\":\"ImageObject\",\"inLanguage\":\"it-IT\",\"@id\":\"https:\\\/\\\/www.liyuebattery.com\\\/#\\\/schema\\\/logo\\\/image\\\/\",\"url\":\"https:\\\/\\\/www.liyuebattery.com\\\/wp-content\\\/uploads\\\/2024\\\/06\\\/liyue-head-logo.svg\",\"contentUrl\":\"https:\\\/\\\/www.liyuebattery.com\\\/wp-content\\\/uploads\\\/2024\\\/06\\\/liyue-head-logo.svg\",\"width\":2026,\"height\":370,\"caption\":\"Liyue\"},\"image\":{\"@id\":\"https:\\\/\\\/www.liyuebattery.com\\\/#\\\/schema\\\/logo\\\/image\\\/\"},\"sameAs\":[\"https:\\\/\\\/www.facebook.com\\\/profile.php?id=100091718467137\"]}]}<\/script>\n<!-- \/ Yoast SEO plugin. -->","yoast_head_json":{"title":"Terms and Conditions - Custom Lithium Battery Manufacturer &amp; Supplier - Liyue","robots":{"index":"index","follow":"follow","max-snippet":"max-snippet:-1","max-image-preview":"max-image-preview:large","max-video-preview":"max-video-preview:-1"},"canonical":"https:\/\/www.liyuebattery.com\/it\/terms-and-conditions\/","og_locale":"it_IT","og_type":"article","og_title":"Terms and Conditions - Custom Lithium Battery Manufacturer &amp; Supplier - Liyue","og_description":"Last updated: August 01, 2024 Please read these terms and conditions carefully before using Our Service. Interpretation and Definitions Interpretation The words of which the initial letter is capitalized have meanings defined under the following conditions. The following definitions shall have the same meaning regardless of whether they appear in singular or in plural. Definitions [&hellip;]","og_url":"https:\/\/www.liyuebattery.com\/it\/terms-and-conditions\/","og_site_name":"Custom Lithium Battery Manufacturer &amp; Supplier - Liyue","article_publisher":"https:\/\/www.facebook.com\/profile.php?id=100091718467137","article_modified_time":"2024-12-25T03:32:25+00:00","og_image":[{"width":1920,"height":1080,"url":"https:\/\/www.liyuebattery.com\/wp-content\/uploads\/2024\/09\/production-workshop-2.webp","type":"image\/webp"}],"twitter_card":"summary_large_image","twitter_misc":{"Tempo di lettura stimato":"8 minuti"},"schema":{"@context":"https:\/\/schema.org","@graph":[{"@type":"WebPage","@id":"https:\/\/www.liyuebattery.com\/terms-and-conditions\/","url":"https:\/\/www.liyuebattery.com\/terms-and-conditions\/","name":"Terms and Conditions - Custom Lithium Battery Manufacturer &amp; Supplier - Liyue","isPartOf":{"@id":"https:\/\/www.liyuebattery.com\/#website"},"datePublished":"2024-01-08T15:30:46+00:00","dateModified":"2024-12-25T03:32:25+00:00","breadcrumb":{"@id":"https:\/\/www.liyuebattery.com\/terms-and-conditions\/#breadcrumb"},"inLanguage":"it-IT","potentialAction":[{"@type":"ReadAction","target":["https:\/\/www.liyuebattery.com\/terms-and-conditions\/"]}]},{"@type":"BreadcrumbList","@id":"https:\/\/www.liyuebattery.com\/terms-and-conditions\/#breadcrumb","itemListElement":[{"@type":"ListItem","position":1,"name":"\u9996\u9875","item":"https:\/\/www.liyuebattery.com\/"},{"@type":"ListItem","position":2,"name":"Terms and Conditions"}]},{"@type":"WebSite","@id":"https:\/\/www.liyuebattery.com\/#website","url":"https:\/\/www.liyuebattery.com\/","name":"Batteria Liyue","description":"Tailored Lithium Battery Manufacturing for Your Business","publisher":{"@id":"https:\/\/www.liyuebattery.com\/#organization"},"potentialAction":[{"@type":"SearchAction","target":{"@type":"EntryPoint","urlTemplate":"https:\/\/www.liyuebattery.com\/?s={search_term_string}"},"query-input":{"@type":"PropertyValueSpecification","valueRequired":true,"valueName":"search_term_string"}}],"inLanguage":"it-IT"},{"@type":"Organization","@id":"https:\/\/www.liyuebattery.com\/#organization","name":"Liyue","url":"https:\/\/www.liyuebattery.com\/","logo":{"@type":"ImageObject","inLanguage":"it-IT","@id":"https:\/\/www.liyuebattery.com\/#\/schema\/logo\/image\/","url":"https:\/\/www.liyuebattery.com\/wp-content\/uploads\/2024\/06\/liyue-head-logo.svg","contentUrl":"https:\/\/www.liyuebattery.com\/wp-content\/uploads\/2024\/06\/liyue-head-logo.svg","width":2026,"height":370,"caption":"Liyue"},"image":{"@id":"https:\/\/www.liyuebattery.com\/#\/schema\/logo\/image\/"},"sameAs":["https:\/\/www.facebook.com\/profile.php?id=100091718467137"]}]}},"acf":[],"_links":{"self":[{"href":"https:\/\/www.liyuebattery.com\/it\/wp-json\/wp\/v2\/pages\/501","targetHints":{"allow":["GET"]}}],"collection":[{"href":"https:\/\/www.liyuebattery.com\/it\/wp-json\/wp\/v2\/pages"}],"about":[{"href":"https:\/\/www.liyuebattery.com\/it\/wp-json\/wp\/v2\/types\/page"}],"author":[{"embeddable":true,"href":"https:\/\/www.liyuebattery.com\/it\/wp-json\/wp\/v2\/users\/1"}],"replies":[{"embeddable":true,"href":"https:\/\/www.liyuebattery.com\/it\/wp-json\/wp\/v2\/comments?post=501"}],"version-history":[{"count":0,"href":"https:\/\/www.liyuebattery.com\/it\/wp-json\/wp\/v2\/pages\/501\/revisions"}],"wp:attachment":[{"href":"https:\/\/www.liyuebattery.com\/it\/wp-json\/wp\/v2\/media?parent=501"}],"curies":[{"name":"parola chiave","href":"https:\/\/api.w.org\/{rel}","templated":true}]}}